{"id":16,"date":"2023-03-09T16:43:58","date_gmt":"2023-03-09T15:43:58","guid":{"rendered":"https:\/\/byt1.room-made.de\/?page_id=16"},"modified":"2023-03-09T16:43:58","modified_gmt":"2023-03-09T15:43:58","slug":"faq","status":"publish","type":"page","link":"https:\/\/beat-your-team.de\/hannover\/faq\/","title":{"rendered":"FAQ"},"content":{"rendered":"<section class=\"l-section wpb_row height_medium\"><div class=\"l-section-h i-cf\"><div class=\"g-cols vc_row via_grid cols_1 laptops-cols_inherit tablets-cols_inherit mobiles-cols_1 valign_top type_default stacking_default\"><div class=\"wpb_column vc_column_container\"><div class=\"vc_column-inner\"><div class=\"wpb_text_column\"><div class=\"wpb_wrapper\"><h1 style=\"text-align: center\">H\u00e4ufig gestellte Fragen (FAQ)<\/h1>\n<\/div><\/div><div class=\"w-separator size_medium\"><\/div><section class=\"l-section wpb_row us_custom_ea8a65bc height_medium\"><div class=\"l-section-h i-cf\"><div class=\"g-cols vc_row via_grid cols_1 laptops-cols_inherit tablets-cols_inherit mobiles-cols_1 valign_top type_default stacking_default\" style=\"grid-gap:1rem;\"><div class=\"wpb_column vc_column_container\"><div class=\"vc_column-inner\"><div class=\"w-separator size_small\"><\/div><div class=\"w-tabs us_custom_da1a9854 style_default switch_click accordion remove_indents\"><div class=\"w-tabs-sections titles-align_none icon_chevron cpos_right\"><div class=\"w-tabs-section\" id=\"ucdf\" style=\"color:#F9E5A9;\"><button class=\"w-tabs-section-header\" aria-controls=\"content-ucdf\" aria-expanded=\"false\"><h4 class=\"w-tabs-section-title\">Wie l\u00e4uft ein Event bei uns ab?<\/h4><div class=\"w-tabs-section-control\"><\/div><\/button><div  class=\"w-tabs-section-content us_custom_0e045bda has_text_color\" id=\"content-ucdf\"><div class=\"w-tabs-section-content-h i-cf\"><div class=\"wpb_text_column\"><div class=\"wpb_wrapper\"><ol class=\"ol1\">\n<li class=\"li1\"><span class=\"s2\"><strong>Buchung<\/strong>: <\/span><span class=\"s1\">Wunschtermin online im Buchungskalender buchen. (Eine Buchung kann von euch online auf dieser Website eigenst\u00e4ndig bis zu 24 Stunden vor Spielbeginn erfolgen. M\u00f6chtet ihr spontan spielen, dann erfragt bitte telefonisch oder per Mail, welche freien Zeitfenster zur Verf\u00fcgung stehen.)<\/span><\/li>\n<li class=\"li1\"><strong><span class=\"s2\">Anmeldung<\/span><\/strong><span class=\"s1\">: Kommt bitte 10 min. vor eurem Termin und meldet euch bei der Anmeldung an. (Ggf. Jacken ausziehen, Wertsachen einschlie\u00dfen&#8230;)<\/span><\/li>\n<li class=\"li1\"><strong><span class=\"s2\">Gruppeneinteilung<\/span><\/strong><span class=\"s1\">: Entweder habt ihr euch bereits selbst in zweier \/ dreier Teams eingeteilt oder ihr werdet vor Ort durch uns in zweier \/ dreier Teams eingeteilt.<\/span><\/li>\n<li class=\"li1\"><span class=\"s2\"><strong>Einweisung<\/strong>:<\/span><span class=\"s1\"> Nach einem kurzen Briefing beginnen auch schon die Spiele! <\/span><\/li>\n<li class=\"li1\"><span class=\"s2\"><strong>Spielzeit<\/strong>:<\/span><span class=\"s1\"> Ihr erhaltet von uns einen Raumplan. In 10 Duellen d\u00fcrft ihr dann gegen euer zweites Team in den verschiedenen Herausforderungen antreten. F\u00fcr jedes Spiel sind 10 min. Spielzeit eingeplant. F\u00fcr jedes Spiel findet ihr eine kurze, leicht verst\u00e4ndliche Erkl\u00e4rung des jeweiligen Spiels. <\/span><\/li>\n<li class=\"li1\"><span class=\"s2\"><strong>Pause<\/strong>: <\/span><span class=\"s1\">Nach 5 Spielen gibt es eine kleine Pause zum Kr\u00e4ftetanken. Ihr k\u00f6nnt etwas trinken oder die WCs aufsuchen.<\/span><\/li>\n<li class=\"li1\"><span class=\"s1\">Die <\/span><span class=\"s2\"><strong>zweite<\/strong> <strong>Etappe<\/strong><\/span><span class=\"s1\"> beginnt!<\/span><\/li>\n<li class=\"li1\"><span class=\"s2\"><strong>Auswertung<\/strong>:<\/span><span class=\"s1\"> Die Punkte steigern sich von Spiel zu Spiel, so bleibt es die ganze Zeit spannend!<\/span><\/li>\n<li class=\"li1\"><span class=\"s2\"><strong>Ehrung<\/strong>:<\/span><span class=\"s1\"> Nach insgesamt zwei Stunden Spielspa\u00df steht das Siegerteam fest.<\/span><\/li>\n<li class=\"li1\"><span class=\"s2\"><strong>Erinnerungsfoto<\/strong>:<\/span><span class=\"s1\"> Das Gewinnerteam darf gerne f\u00fcr ein Foto posieren. Alle anderen Teams auch \ud83d\ude09 so kann euer Erlebnis auf einem gemeinsamen Gruppenfoto festgehalten werden.<\/span><\/li>\n<\/ol>\n<\/div><\/div><\/div><\/div><\/div><div class=\"w-tabs-section has_text_color\" id=\"odc2\" style=\"color:#82CCB2;\"><button class=\"w-tabs-section-header\" aria-controls=\"content-odc2\" aria-expanded=\"false\"><h4 class=\"w-tabs-section-title\">Wie lange dauert das Event?<\/h4><div class=\"w-tabs-section-control\"><\/div><\/button><div  class=\"w-tabs-section-content\" id=\"content-odc2\"><div class=\"w-tabs-section-content-h i-cf\"><div class=\"wpb_text_column\"><div class=\"wpb_wrapper\"><p class=\"p1\"><span class=\"s1\">Ca. 2,5 Stunden:<\/span><\/p>\n<p class=\"p1\"><span class=\"s1\">Ihr d\u00fcrft 10 Spiele \u00e0 10 min. spielen. Hinzu kommt eine f\u00fcnfzehnmin\u00fctige Pause sowie eine kurze Einweisung. Plant f\u00fcr die Aktion somit ca. 2,5 h ein. Vor und nach eurem Event k\u00f6nnt ihr gerne noch etwas bei uns verweilen und ein k\u00fchles Getr\u00e4nk genie\u00dfen. <\/span><\/p>\n<\/div><\/div><\/div><\/div><\/div><div class=\"w-tabs-section has_text_color\" id=\"uee6\" style=\"color:#C8AAF9;\"><button class=\"w-tabs-section-header\" aria-controls=\"content-uee6\" aria-expanded=\"false\"><h4 class=\"w-tabs-section-title\">Wie viele Spiele erwarten euch?<\/h4><div class=\"w-tabs-section-control\"><\/div><\/button><div  class=\"w-tabs-section-content\" id=\"content-uee6\"><div class=\"w-tabs-section-content-h i-cf\"><div class=\"wpb_text_column\"><div class=\"wpb_wrapper\"><p class=\"p1\"><span class=\"s1\">Insgesamt d\u00fcrft ihr euch auf 10 spannende Spiele \u00e0 10 min. freuen.<\/span><\/p>\n<\/div><\/div><\/div><\/div><\/div><div class=\"w-tabs-section has_text_color\" id=\"afb0\" style=\"color:#FFBCD3;\"><button class=\"w-tabs-section-header\" aria-controls=\"content-afb0\" aria-expanded=\"false\"><h4 class=\"w-tabs-section-title\">Was erwartet euch?<\/h4><div class=\"w-tabs-section-control\"><\/div><\/button><div  class=\"w-tabs-section-content\" id=\"content-afb0\"><div class=\"w-tabs-section-content-h i-cf\"><div class=\"wpb_text_column\"><div class=\"wpb_wrapper\"><p class=\"p1\"><span class=\"s1\">In 10 spannenden Spielen tretet ihr mit eurem Team gegen Freund*innen, Familie oder Arbeitskolleg*innen an. Euch erwarten spannende Herausforderungen im Bereich Geschicklichkeit, Sport, Ged\u00e4chtnis, Taktik und Wissen.<\/span><\/p>\n<\/div><\/div><\/div><\/div><\/div><div class=\"w-tabs-section has_text_color\" id=\"q083\" style=\"color:#F9E5A9;\"><button class=\"w-tabs-section-header\" aria-controls=\"content-q083\" aria-expanded=\"false\"><h4 class=\"w-tabs-section-title\">Ist BEAT YOUR TEAM f\u00fcr Kinder bzw. f\u00fcr Kindergeburtstage geeignet?<\/h4><div class=\"w-tabs-section-control\"><\/div><\/button><div  class=\"w-tabs-section-content\" id=\"content-q083\"><div class=\"w-tabs-section-content-h i-cf\"><div class=\"wpb_text_column\"><div class=\"wpb_wrapper\"><p class=\"p1\"><span class=\"s1\">Wir freuen uns, wenn wir deinen Geburtstag unvergesslich machen d\u00fcrfen! BEAT YOUR TEAM richtet gerne eure Geburtstagsfeier ab einem Alter von 14 Jahren aus. (Vor allem die Quizspiele sind f\u00fcr j\u00fcngere Kinder zu schwierig!)<\/span><\/p>\n<p class=\"p1\"><span class=\"s1\">Wenn ihr jedoch als Familie zusammenspielt und die Teams gut aufgeteilt werden, k\u00f6nnen auch j\u00fcngere Kids (~ ab Schulalter) gerne mitspielen. <\/span><\/p>\n<\/div><\/div><\/div><\/div><\/div><div class=\"w-tabs-section has_text_color\" id=\"z163\" style=\"color:#82CCB2;\"><button class=\"w-tabs-section-header\" aria-controls=\"content-z163\" aria-expanded=\"false\"><h4 class=\"w-tabs-section-title\">Wie verl\u00e4uft die Punktevergabe?<\/h4><div class=\"w-tabs-section-control\"><\/div><\/button><div  class=\"w-tabs-section-content\" id=\"content-z163\"><div class=\"w-tabs-section-content-h i-cf\"><div class=\"wpb_text_column\"><div class=\"wpb_wrapper\"><p class=\"p1\"><span class=\"s1\">Zu Beginn des Events erhaltet ihr eine Raum\u00fcbersicht, auf der alle Spiele eingezeichnet sind. Eure Reihenfolge der Spiele ist in dieser \u00dcbersicht aufgezeichnet.\u00a0<\/span><\/p>\n<p class=\"p1\"><span class=\"s1\">Z\u00e4hlsystem: F\u00fcr euer erstes Spiel erh\u00e4lt das jeweilige Siegerteam einen Punkt, f\u00fcr das zweite Spiel gibt es zwei Siegerpunkte, f\u00fcr das dritte drei usw. So bleibt es die ganze Zeit \u00fcber richtig spannend!<\/span><\/p>\n<p class=\"p1\"><span class=\"s1\">Nach jedem Spiel werden die erzielten Punkte vermerkt und dem Siegerteam gutgeschrieben. Am Ende der 10 Spiele gewinnt somit das Team, das die meisten Punkte erreicht hat.<\/span><\/p>\n<\/div><\/div><\/div><\/div><\/div><div class=\"w-tabs-section has_text_color\" id=\"x236\" style=\"color:#C8AAF9;\"><button class=\"w-tabs-section-header\" aria-controls=\"content-x236\" aria-expanded=\"false\"><h4 class=\"w-tabs-section-title\">Muss ich \u00fcberaus sportlich sein?<\/h4><div class=\"w-tabs-section-control\"><\/div><\/button><div  class=\"w-tabs-section-content\" id=\"content-x236\"><div class=\"w-tabs-section-content-h i-cf\"><div class=\"wpb_text_column\"><div class=\"wpb_wrapper\"><p class=\"p1\"><span class=\"s1\">Nein! Ein sportlicher Ehrgeiz ist jedoch gerne gesehen! \ud83d\ude09 <\/span><\/p>\n<p class=\"p1\"><span class=\"s1\">Bei einigen Spielen kommt es zu k\u00f6rperlicher Aktivit\u00e4t. Sollte diese au\u00dferhalb deiner Komfortzone sein, \u00fcberl\u00e4sst du diese Aktion am besten einem anderen Teammitglied und du gl\u00e4nzt wieder bei der n\u00e4chsten Aufgabe.<\/span><\/p>\n<\/div><\/div><\/div><\/div><\/div><div class=\"w-tabs-section has_text_color\" id=\"b305\" style=\"color:#FFBCD3;\"><button class=\"w-tabs-section-header\" aria-controls=\"content-b305\" aria-expanded=\"false\"><h4 class=\"w-tabs-section-title\">Was muss ich mitbringen?<\/h4><div class=\"w-tabs-section-control\"><\/div><\/button><div  class=\"w-tabs-section-content\" id=\"content-b305\"><div class=\"w-tabs-section-content-h i-cf\"><div class=\"wpb_text_column\"><div class=\"wpb_wrapper\"><p class=\"p1\"><span class=\"s1\">Gute Laune, bequeme Kleidung, in der ihr euch wohl f\u00fchlt und festes Schuhwerk.<\/span><\/p>\n<p class=\"p1\"><span class=\"s1\">Spezielle Kleidung ist nicht notwendig. <\/span><\/p>\n<\/div><\/div><\/div><\/div><\/div><div class=\"w-tabs-section has_text_color\" id=\"k3f0\" style=\"color:#F9E5A9;\"><button class=\"w-tabs-section-header\" aria-controls=\"content-k3f0\" aria-expanded=\"false\"><h4 class=\"w-tabs-section-title\">Wie viele Personen k\u00f6nnen gleichzeitig spielen?<\/h4><div class=\"w-tabs-section-control\"><\/div><\/button><div  class=\"w-tabs-section-content\" id=\"content-k3f0\"><div class=\"w-tabs-section-content-h i-cf\"><div class=\"wpb_text_column\"><div class=\"wpb_wrapper\"><p class=\"p1\"><span class=\"s1\">Ab 8 bis zu 40 Personen k\u00f6nnen bei uns gleichzeitig spielen! &#8211; Ideal f\u00fcr Veranstaltungen verschiedenster Gr\u00f6\u00dfen. Aber auch gr\u00f6\u00dfere Gruppen sind m\u00f6glich! In diesem Fall bitten wir euch, uns per E-Mail zu kontaktieren, sodass wir ein spezielles Arrangement f\u00fcr euch zusammenstellen k\u00f6nnen.<\/span><\/p>\n<p class=\"p1\"><span class=\"s1\">In jedem Spiel k\u00f6nnen vier &#8211; sechs Personen gleichzeitig involviert sein. Diese Gruppe von vier &#8211; sechs Personen<\/span><span class=\"s1\">\u00a0wird in zwei Teams (Team Pink und Team T\u00fcrkis) aufgeteilt. <\/span><\/p>\n<p class=\"p1\"><span class=\"s1\">In den verschiedenen Spielen tretet ihr nun gegeneinander an. Bei manchen Spielen muss das gesamte Team zusammen agieren, bei anderen Spielen tritt jeweils eine Person aus jedem Team gegeneinander an. Bei jedem Spiel d\u00fcrft ihr im eigenen Team selbst entscheiden, wen ihr bei der jeweiligen Aktion ins Rennen schickt. So werden zum einen F\u00e4higkeiten, Fertigkeiten und Vorlieben ber\u00fccksichtigt und zum anderen darf jedes Teammitglied wechselnd in Aktion treten.<\/span><\/p>\n<\/div><\/div><\/div><\/div><\/div><div class=\"w-tabs-section has_text_color\" id=\"w4bb\" style=\"color:#82CCB2;\"><button class=\"w-tabs-section-header\" aria-controls=\"content-w4bb\" aria-expanded=\"false\"><h4 class=\"w-tabs-section-title\">\u00d6ffnungszeiten<\/h4><div class=\"w-tabs-section-control\"><\/div><\/button><div  class=\"w-tabs-section-content\" id=\"content-w4bb\"><div class=\"w-tabs-section-content-h i-cf\"><div class=\"wpb_text_column\"><div class=\"wpb_wrapper\"><p>Unsere \u00d6ffnungszeiten richten sich nach der Buchungslage. Daher ist unser Gesch\u00e4ft nicht immer besetzt.<\/p>\n<p>Wenn Du wissen m\u00f6chtest, ob unser Gesch\u00e4ft besetzt ist, ruf am besten vorher einmal an.<\/p>\n<p>Andere Zeiten und Wunschtermine sind nach vorheriger Absprache m\u00f6glich!<\/p>\n<\/div><\/div><\/div><\/div><\/div><div class=\"w-tabs-section has_text_color\" id=\"d593\" style=\"color:#C8AAF9;\"><button class=\"w-tabs-section-header\" aria-controls=\"content-d593\" aria-expanded=\"false\"><h4 class=\"w-tabs-section-title\">Kann ich kurzfristig buchen?<\/h4><div class=\"w-tabs-section-control\"><\/div><\/button><div  class=\"w-tabs-section-content\" id=\"content-d593\"><div class=\"w-tabs-section-content-h i-cf\"><div class=\"wpb_text_column\"><div class=\"wpb_wrapper\"><p class=\"p1\"><span class=\"s1\">Wir geben unser Bestes, um euch einen Termin anzubieten. Eine Buchung kann von euch online<span class=\"Apple-converted-space\">\u00a0 <\/span>auf dieser Website eigenst\u00e4ndig bis zu 24 Stunden vor Spielbeginn erfolgen. <\/span><\/p>\n<p class=\"p1\"><span class=\"s1\">M\u00f6chtet ihr spontan spielen, dann erfragt bitte telefonisch oder per Mail, ob noch freie Zeitfenster zur Verf\u00fcgung stehen. <\/span><\/p>\n<\/div><\/div><\/div><\/div><\/div><div class=\"w-tabs-section has_text_color\" id=\"p65b\" style=\"color:#F9E5A9;\"><button class=\"w-tabs-section-header\" aria-controls=\"content-p65b\" aria-expanded=\"false\"><h4 class=\"w-tabs-section-title\">Barrierefrei?<\/h4><div class=\"w-tabs-section-control\"><\/div><\/button><div  class=\"w-tabs-section-content\" id=\"content-p65b\"><div class=\"w-tabs-section-content-h i-cf\"><div class=\"wpb_text_column\"><div class=\"wpb_wrapper\"><p class=\"p1\"><span class=\"s1\">Leider nein. Um unsere Location zu erreichen, m\u00fcssen Treppen passiert werden. Zudem setzen einige Spiele k\u00f6rperliche Bet\u00e4tigung voraus. Bei Sorgen und Nachfragen kontaktiere uns gerne via E-Mail.<\/span><\/p>\n<\/div><\/div><\/div><\/div><\/div><div class=\"w-tabs-section has_text_color\" id=\"o71f\" style=\"color:#82CCB2;\"><button class=\"w-tabs-section-header\" aria-controls=\"content-o71f\" aria-expanded=\"false\"><h4 class=\"w-tabs-section-title\">Gibt es bei euch Parkgelegenheiten?<\/h4><div class=\"w-tabs-section-control\"><\/div><\/button><div  class=\"w-tabs-section-content\" id=\"content-o71f\"><div class=\"w-tabs-section-content-h i-cf\"><div class=\"wpb_text_column\"><div class=\"wpb_wrapper\"><p class=\"p1\"><span class=\"s1\">Wir sind in der Davenstedter Stra\u00dfe 123, 30453 Hannover, ans\u00e4ssig. Direkt vor unserer Location befindet sich ein gro\u00dfer Parkplatz mit vielen &#8211; z. T. kostenlosen &#8211; Parkpl\u00e4tzen.<\/span><\/p>\n<\/div><\/div><\/div><\/div><\/div><div class=\"w-tabs-section has_text_color\" id=\"l7e1\" style=\"color:#C8AAF9;\"><button class=\"w-tabs-section-header\" aria-controls=\"content-l7e1\" aria-expanded=\"false\"><h4 class=\"w-tabs-section-title\">Wie kann man bei euch bezahlen?<\/h4><div class=\"w-tabs-section-control\"><\/div><\/button><div  class=\"w-tabs-section-content\" id=\"content-l7e1\"><div class=\"w-tabs-section-content-h i-cf\"><div class=\"wpb_text_column\"><div class=\"wpb_wrapper\"><p class=\"p1\"><span class=\"s1\">Ausschlie\u00dflich per EC- und Kreditkarte. Firmenkunden k\u00f6nnen per Rechnung bezahlen.<\/span><\/p>\n<\/div><\/div><\/div><\/div><\/div><div class=\"w-tabs-section has_text_color\" id=\"t8b7\" style=\"color:#FFBCD3;\"><button class=\"w-tabs-section-header\" aria-controls=\"content-t8b7\" aria-expanded=\"false\"><h4 class=\"w-tabs-section-title\">Wie kann ein gebuchter Termin storniert oder verlegt werden?<\/h4><div class=\"w-tabs-section-control\"><\/div><\/button><div  class=\"w-tabs-section-content\" id=\"content-t8b7\"><div class=\"w-tabs-section-content-h i-cf\"><div class=\"wpb_text_column\"><div class=\"wpb_wrapper\"><p class=\"p1\"><span class=\"s1\">Eine Buchung kann bis zu 48 Stunden vor eurem Spieltermin kostenfrei storniert werden. Hierf\u00fcr k\u00f6nnt ihr das Kontaktformular nutzen oder bei uns anrufen. <\/span><\/p>\n<p class=\"p1\"><span class=\"s1\">Nat\u00fcrlich kann es zu einem unvorhersehbaren Ereignis kommen. Das w\u00fcnscht sich nat\u00fcrlich niemand! Wir haben daf\u00fcr Verst\u00e4ndnis, jedoch halten wir euch auch den gebuchten Slot frei, planen das Personal ein etc. Innerhalb der 48 Stunden ist deshalb eine kostenfreie Stornierung leider nicht m\u00f6glich. Wir versuchen euch jedoch immer entgegenzukommen und eine faire L\u00f6sung f\u00fcr beide Seiten zu finden.\u00a0<\/span><\/p>\n<\/div><\/div><\/div><\/div><\/div><div class=\"w-tabs-section has_text_color\" id=\"u97c\" style=\"color:#F9E5A9;\"><button class=\"w-tabs-section-header\" aria-controls=\"content-u97c\" aria-expanded=\"false\"><h4 class=\"w-tabs-section-title\">Deine Frage wurde nicht beantwortet?<\/h4><div class=\"w-tabs-section-control\"><\/div><\/button><div  class=\"w-tabs-section-content\" id=\"content-u97c\"><div class=\"w-tabs-section-content-h i-cf\"><div class=\"wpb_text_column\"><div class=\"wpb_wrapper\"><p class=\"p1\"><span class=\"s1\">Dann nutze unser Kontaktformular!<\/span><\/p>\n<\/div><\/div><\/div><\/div><\/div><\/div><\/div><\/div><\/div><\/div><\/div><\/section>\n<\/div><\/div><\/div><\/div><\/section>\n","protected":false},"excerpt":{"rendered":"H\u00e4ufig gestellte Fragen (FAQ) Wie l\u00e4uft ein Event bei uns ab? Buchung: Wunschtermin online im Buchungskalender buchen. (Eine Buchung kann von euch online auf dieser Website eigenst\u00e4ndig bis zu 24 Stunden vor Spielbeginn erfolgen. M\u00f6chtet ihr spontan spielen, dann erfragt bitte telefonisch oder per Mail, welche freien Zeitfenster zur Verf\u00fcgung stehen.) Anmeldung: Kommt bitte 10...","protected":false},"author":1,"featured_media":0,"parent":0,"menu_order":0,"comment_status":"closed","ping_status":"closed","template":"","meta":[],"_links":{"self":[{"href":"https:\/\/beat-your-team.de\/hannover\/wp-json\/wp\/v2\/pages\/16"}],"collection":[{"href":"https:\/\/beat-your-team.de\/hannover\/wp-json\/wp\/v2\/pages"}],"about":[{"href":"https:\/\/beat-your-team.de\/hannover\/wp-json\/wp\/v2\/types\/page"}],"author":[{"embeddable":true,"href":"https:\/\/beat-your-team.de\/hannover\/wp-json\/wp\/v2\/users\/1"}],"replies":[{"embeddable":true,"href":"https:\/\/beat-your-team.de\/hannover\/wp-json\/wp\/v2\/comments?post=16"}],"version-history":[{"count":0,"href":"https:\/\/beat-your-team.de\/hannover\/wp-json\/wp\/v2\/pages\/16\/revisions"}],"wp:attachment":[{"href":"https:\/\/beat-your-team.de\/hannover\/wp-json\/wp\/v2\/media?parent=16"}],"curies":[{"name":"wp","href":"https:\/\/api.w.org\/{rel}","templated":true}]}}